{"id":4497,"date":"2021-07-02T18:03:09","date_gmt":"2021-07-02T16:03:09","guid":{"rendered":"https:\/\/eliteonboard.com\/?page_id=4497"},"modified":"2021-07-16T11:01:06","modified_gmt":"2021-07-16T09:01:06","slug":"agenzia-viaggi-eventi-sportivi","status":"publish","type":"page","link":"https:\/\/eliteonboard.com\/en\/agenzia-viaggi-eventi-sportivi\/","title":{"rendered":"\u00c9lite for Sport"},"content":{"rendered":"<p>[vc_row row_type=&#8221;row&#8221; content_width=&#8221;full-width&#8221; anchor=&#8221;&#8221; content_aligment=&#8221;center&#8221; css_animation=&#8221;&#8221; css=&#8221;.vc_custom_1626190672651{background-image: url(https:\/\/eliteonboard.com\/wp-content\/uploads\/2021\/07\/sport-1.jpg?id=4928) !important;background-position: center !important;background-repeat: no-repeat !important;background-size: cover !important;}&#8221;][vc_column offset=&#8221;vc_hidden-lg vc_hidden-md&#8221;][vc_empty_space height=&#8221;100px&#8221;][vc_column_text]<\/p>\n<h2 style=\"text-align: center;\"><strong><span style=\"color: #ffffff;\">\u00c9LITE FOR SPORT<\/span><\/strong><\/h2>\n<p>[\/vc_column_text][vc_column_text]<\/p>\n<p style=\"text-align: center;\"><span style=\"color: #ffffff;\">Follow your passion and release your energy to cross the finish line.<\/span><span style=\"color: #ffffff;\"><br \/>\n<\/span><strong><span style=\"color: #ffffff;\"><br \/>\n<\/span><\/strong><\/p>\n<p>[\/vc_column_text]<a href=\"#bottom\" target=\"_self\" style=\"color: #ffffff\" class=\"eltd-btn eltd-btn-large eltd-btn-outline\"  >\n    <span class=\"eltd-btn-text\">SCOPRI<\/span>\n    <\/a>[vc_empty_space height=&#8221;100px&#8221;][\/vc_column][\/vc_row][vc_row row_type=&#8221;row&#8221; content_width=&#8221;grid&#8221; anchor=&#8221;&#8221; content_aligment=&#8221;center&#8221; css_animation=&#8221;&#8221; el_id=&#8221;bottom&#8221;][vc_column][vc_empty_space height=&#8221;64&#8243; el_class=&#8221;desktop&#8221;][vc_empty_space height=&#8221;64&#8243;][vc_column_text]<\/p>\n<h1 style=\"text-align: center;\"><span style=\"color: #003a5d;\"><b>Sport takes you far<\/b><\/span><\/h1>\n<p>[\/vc_column_text][vc_empty_space height=&#8221;20&#8243;][vc_column_text]<\/p>\n<h2 style=\"text-align: center;\"><span style=\"color: #a99557;\"><b>Run towards your next goal<\/b><\/span><\/h2>\n<p>[\/vc_column_text][vc_empty_space height=&#8221;20&#8243;][vc_column_text]<\/p>\n<p style=\"text-align: center;\"><strong>\u00c9lite for Sport<\/strong> is a formula designed to combine the excitement of a trip with the adrenaline rush of sporting events. We take care of the organization of your travels for you so that you can take part in the marathon of your dreams in complete serenity.<\/p>\n<p>[\/vc_column_text][vc_empty_space height=&#8221;64&#8243;][\/vc_column][\/vc_row][vc_row row_type=&#8221;row&#8221; content_width=&#8221;full-width&#8221; anchor=&#8221;&#8221; content_aligment=&#8221;center&#8221; css_animation=&#8221;&#8221; css=&#8221;.vc_custom_1626191141712{margin-top: 5% !important;margin-right: 3% !important;margin-bottom: 5% !important;margin-left: 3% !important;}&#8221;][vc_column]<div class=\"eltd-blog-list-holder eltd-boxes eltd-three-columns\">\n\t<ul class=\"eltd-blog-list\">\n\t<li class=\"eltd-blog-list-item clearfix\">\n\t<div class=\"eltd-blog-list-item-inner\">\n\t\t<div class=\"eltd-item-image\">\n\t\t\t<a href=\"https:\/\/eliteonboard.com\/en\/mezza-maratona-roma-ostia\/\">\n\t\t\t\t<img loading=\"lazy\" decoding=\"async\" width=\"840\" height=\"460\" src=\"https:\/\/eliteonboard.com\/wp-content\/uploads\/2021\/07\/resize-3.jpg\" class=\"attachment-full size-full wp-post-image\" alt=\"\" srcset=\"https:\/\/eliteonboard.com\/wp-content\/uploads\/2021\/07\/resize-3.jpg 840w, https:\/\/eliteonboard.com\/wp-content\/uploads\/2021\/07\/resize-3-300x164.jpg 300w, https:\/\/eliteonboard.com\/wp-content\/uploads\/2021\/07\/resize-3-768x421.jpg 768w\" sizes=\"auto, (max-width: 840px) 100vw, 840px\" \/>\t\t\t\t\n\t\t\t<\/a>\n\t\t<\/div>\n\t\t<div class=\"eltd-item-text-holder\">\n\t\t\t<h6 class=\"eltd-item-title\">\n\t\t\t\t<a href=\"https:\/\/eliteonboard.com\/en\/mezza-maratona-roma-ostia\/\" >\n\t\t\t\t\tMezza Maratona Roma \/ Ostia\t\t\t\t<\/a>\n\t\t\t<\/h6>\n\t\t\t\t\t\t\t<p class=\"eltd-excerpt\">17 Ottobre 2021 La RomaOstia \u00e8 la mezzamaratona pi\u00f9 partecipata d\u2019Italia, uno degli ev...<\/p>\n\t\t\t\t\t<\/div>\n\t\t<div class=\"eltd-item-info-section\">\n\t\t\t<div class=\"eltd-post-info-date\">\n\t\t<span class=\"eltd-post-date-month\">\n\t\tJul\t<\/span>\n\t<span class=\"eltd-post-date-day-year\">\n\t\t<span class=\"eltd-post-date-day\">\n\t\t\t11\t\t<\/span>\n\t\t<span class=\"eltd-post-date-year\">\n\t\t\t2021\t\t<\/span>\n\t<\/span>\n\t<\/div><div class=\"eltd-post-info-author\"><a class=\"eltd-post-info-author-link\" href=\"https:\/\/eliteonboard.com\/en\/author\/webadimark\/\">webadimark<\/a><\/div>\n<div class=\"eltd-post-info-category\"><a href=\"https:\/\/eliteonboard.com\/en\/category\/sport\/\" rel=\"category tag\"><\/a><\/div>\t\t<\/div>\n\t<\/div>\t\n<\/li><li class=\"eltd-blog-list-item clearfix\">\n\t<div class=\"eltd-blog-list-item-inner\">\n\t\t<div class=\"eltd-item-image\">\n\t\t\t<a href=\"https:\/\/eliteonboard.com\/en\/maratone-di-valencia\/\">\n\t\t\t\t<img loading=\"lazy\" decoding=\"async\" width=\"840\" height=\"460\" src=\"https:\/\/eliteonboard.com\/wp-content\/uploads\/2021\/06\/resize.jpg\" class=\"attachment-full size-full wp-post-image\" alt=\"\" srcset=\"https:\/\/eliteonboard.com\/wp-content\/uploads\/2021\/06\/resize.jpg 840w, https:\/\/eliteonboard.com\/wp-content\/uploads\/2021\/06\/resize-300x164.jpg 300w, https:\/\/eliteonboard.com\/wp-content\/uploads\/2021\/06\/resize-768x421.jpg 768w\" sizes=\"auto, (max-width: 840px) 100vw, 840px\" \/>\t\t\t\t\n\t\t\t<\/a>\n\t\t<\/div>\n\t\t<div class=\"eltd-item-text-holder\">\n\t\t\t<h6 class=\"eltd-item-title\">\n\t\t\t\t<a href=\"https:\/\/eliteonboard.com\/en\/maratone-di-valencia\/\" >\n\t\t\t\t\tMaratone di Valencia\t\t\t\t<\/a>\n\t\t\t<\/h6>\n\t\t\t\t\t\t\t<p class=\"eltd-excerpt\">5 Dicembre 2021 La Maratona Valencia Trinidad Alfonso EDP\u00a0ti offrir\u00e0 un circuito idoneo ...<\/p>\n\t\t\t\t\t<\/div>\n\t\t<div class=\"eltd-item-info-section\">\n\t\t\t<div class=\"eltd-post-info-date\">\n\t\t<span class=\"eltd-post-date-month\">\n\t\tJul\t<\/span>\n\t<span class=\"eltd-post-date-day-year\">\n\t\t<span class=\"eltd-post-date-day\">\n\t\t\t11\t\t<\/span>\n\t\t<span class=\"eltd-post-date-year\">\n\t\t\t2021\t\t<\/span>\n\t<\/span>\n\t<\/div><div class=\"eltd-post-info-author\"><a class=\"eltd-post-info-author-link\" href=\"https:\/\/eliteonboard.com\/en\/author\/webadimark\/\">webadimark<\/a><\/div>\n<div class=\"eltd-post-info-category\"><a href=\"https:\/\/eliteonboard.com\/en\/category\/sport\/\" rel=\"category tag\"><\/a><\/div>\t\t<\/div>\n\t<\/div>\t\n<\/li><li class=\"eltd-blog-list-item clearfix\">\n\t<div class=\"eltd-blog-list-item-inner\">\n\t\t<div class=\"eltd-item-image\">\n\t\t\t<a href=\"https:\/\/eliteonboard.com\/en\/maratona-di-dubai\/\">\n\t\t\t\t<img loading=\"lazy\" decoding=\"async\" width=\"840\" height=\"460\" src=\"https:\/\/eliteonboard.com\/wp-content\/uploads\/2021\/07\/resize-1.jpg\" class=\"attachment-full size-full wp-post-image\" alt=\"\" srcset=\"https:\/\/eliteonboard.com\/wp-content\/uploads\/2021\/07\/resize-1.jpg 840w, https:\/\/eliteonboard.com\/wp-content\/uploads\/2021\/07\/resize-1-300x164.jpg 300w, https:\/\/eliteonboard.com\/wp-content\/uploads\/2021\/07\/resize-1-768x421.jpg 768w\" sizes=\"auto, (max-width: 840px) 100vw, 840px\" \/>\t\t\t\t\n\t\t\t<\/a>\n\t\t<\/div>\n\t\t<div class=\"eltd-item-text-holder\">\n\t\t\t<h6 class=\"eltd-item-title\">\n\t\t\t\t<a href=\"https:\/\/eliteonboard.com\/en\/maratona-di-dubai\/\" >\n\t\t\t\t\tMARATONA DI DUBAI\t\t\t\t<\/a>\n\t\t\t<\/h6>\n\t\t\t\t\t\t\t<p class=\"eltd-excerpt\">21 Gennaio 2022 Non c\u2019\u00e8 niente di simile al mondo. Dubai \u00e8 la citt\u00e0 dei record. Qui t...<\/p>\n\t\t\t\t\t<\/div>\n\t\t<div class=\"eltd-item-info-section\">\n\t\t\t<div class=\"eltd-post-info-date\">\n\t\t<span class=\"eltd-post-date-month\">\n\t\tJul\t<\/span>\n\t<span class=\"eltd-post-date-day-year\">\n\t\t<span class=\"eltd-post-date-day\">\n\t\t\t10\t\t<\/span>\n\t\t<span class=\"eltd-post-date-year\">\n\t\t\t2021\t\t<\/span>\n\t<\/span>\n\t<\/div><div class=\"eltd-post-info-author\"><a class=\"eltd-post-info-author-link\" href=\"https:\/\/eliteonboard.com\/en\/author\/webadimark\/\">webadimark<\/a><\/div>\n<div class=\"eltd-post-info-category\"><a href=\"https:\/\/eliteonboard.com\/en\/category\/sport\/\" rel=\"category tag\"><\/a><\/div>\t\t<\/div>\n\t<\/div>\t\n<\/li>\t<\/ul>\t\n<\/div>\n[\/vc_column][\/vc_row][vc_row row_type=&#8221;row&#8221; content_width=&#8221;full-width&#8221; anchor=&#8221;&#8221; content_aligment=&#8221;left&#8221; css_animation=&#8221;&#8221;][vc_column][vc_empty_space height=&#8221;40&#8243;][\/vc_column][\/vc_row][vc_row row_type=&#8221;row&#8221; content_width=&#8221;grid&#8221; anchor=&#8221;&#8221; content_aligment=&#8221;left&#8221; css_animation=&#8221;&#8221; css=&#8221;.vc_custom_1624873629081{background-color: #003a5d !important;}&#8221;][vc_column width=&#8221;1\/2&#8243; offset=&#8221;vc_col-lg-offset-0 vc_col-lg-6 vc_col-md-offset-0 vc_col-sm-offset-0&#8243;][vc_empty_space height=&#8221;120px&#8221;]<div class=\"eltd-section-title-outer-holder animate\" style=\"text-align: left\">\n\t<div class=\"eltd-section-title-subtitle-holder\">\n\t\t<h3 class=\"eltd-section-subtitle\" style=\";\"><\/h3>\n\t<\/div>\n\t<div class=\"eltd-section-title-holder\">\n\t\t<h2 class=\"eltd-section-title\" style=\"font-size: 25px;color: #ffffff\">NEWSLETTER<\/h2>\n\t<\/div>\n<\/div>[vc_column_text]<\/p>\n<p style=\"text-align: left;\"><span style=\"color: #ffffff;\">Keep up to date with the latest news.<\/span><\/p>\n<p>[\/vc_column_text][\/vc_column][vc_column width=&#8221;1\/2&#8243; offset=&#8221;vc_col-lg-offset-1 vc_col-lg-4 vc_col-md-offset-0 vc_col-sm-offset-0&#8243;][vc_empty_space height=&#8221;80px&#8221;][vc_column_text]<\/p>\n<p style=\"text-align: left;\"><span style=\"color: #ffffff;\">\u00a0 Sign up for our newsletter<\/span><\/p>\n<p>[\/vc_column_text]\n<div class=\"wpcf7 no-js\" id=\"wpcf7-f5021-o1\" lang=\"it-IT\" dir=\"ltr\" data-wpcf7-id=\"5021\">\n<div class=\"screen-reader-response\"><p role=\"status\" aria-live=\"polite\" aria-atomic=\"true\"><\/p> <ul><\/ul><\/div>\n<form action=\"\/en\/wp-json\/wp\/v2\/pages\/4497#wpcf7-f5021-o1\" method=\"post\" class=\"wpcf7-form init cf7_custom_style_2\" aria-label=\"Modulo di contatto\" novalidate=\"novalidate\" data-status=\"init\">\n<fieldset class=\"hidden-fields-container\"><input type=\"hidden\" name=\"_wpcf7\" value=\"5021\" \/><input type=\"hidden\" name=\"_wpcf7_version\" value=\"6.1.5\" \/><input type=\"hidden\" name=\"_wpcf7_locale\" value=\"it_IT\" \/><input type=\"hidden\" name=\"_wpcf7_unit_tag\" value=\"wpcf7-f5021-o1\" \/><input type=\"hidden\" name=\"_wpcf7_container_post\" value=\"0\" \/><input type=\"hidden\" name=\"_wpcf7_posted_data_hash\" value=\"\" \/><input type=\"hidden\" name=\"_wpcf7dtx_version\" value=\"5.0.5\" \/><input type=\"hidden\" name=\"_wpcf7_recaptcha_response\" value=\"\" \/>\n<\/fieldset>\n<p><span class=\"wpcf7-form-control-wrap\" data-name=\"your-email\"><input size=\"40\" maxlength=\"400\" class=\"wpcf7-form-control wpcf7-email wpcf7-validates-as-required wpcf7-text wpcf7-validates-as-email\" aria-required=\"true\" aria-invalid=\"false\" value=\"Your Email\" type=\"email\" name=\"your-email\" \/><\/span><input class=\"wpcf7-form-control wpcf7-submit has-spinner\" type=\"submit\" value=\"Sign up\" \/>\n<\/p><p style=\"display: none !important;\" class=\"akismet-fields-container\" data-prefix=\"_wpcf7_ak_\"><label>&#916;<textarea name=\"_wpcf7_ak_hp_textarea\" cols=\"45\" rows=\"8\" maxlength=\"100\"><\/textarea><\/label><input type=\"hidden\" id=\"ak_js_1\" name=\"_wpcf7_ak_js\" value=\"21\"\/><script type=\"text\/javascript\">\n\/* <![CDATA[ *\/\ndocument.getElementById( \"ak_js_1\" ).setAttribute( \"value\", ( new Date() ).getTime() );\n\/* ]]> *\/\n<\/script>\n<\/p><div class=\"wpcf7-response-output\" aria-hidden=\"true\"><\/div>\n<\/form>\n<\/div>\n[vc_empty_space height=&#8221;90px&#8221;][\/vc_column][\/vc_row][vc_row row_type=&#8221;row&#8221; content_width=&#8221;grid&#8221; anchor=&#8221;&#8221; content_aligment=&#8221;left&#8221; css_animation=&#8221;&#8221;][vc_column][vc_empty_space height=&#8221;64&#8243; el_class=&#8221;desktop&#8221;][vc_empty_space height=&#8221;64&#8243;][vc_column_text]<\/p>\n<h1 style=\"text-align: center;\"><span style=\"color: #a99557;\">Are you ready to go? Contact us <\/span><\/h1>\n<p>[\/vc_column_text][vc_empty_space height=&#8221;12&#8243;][vc_column_text]<\/p>\n<p style=\"text-align: center;\"><strong><span style=\"color: #003a5d;\">Ready, set, go! Leave us your details: we will run for you.<\/span><\/strong><span style=\"color: #ffffff;\"><br \/>\n<\/span><\/p>\n<p>[\/vc_column_text][vc_empty_space height=&#8221;12&#8243;][vc_empty_space height=&#8221;12&#8243;]\n<div class=\"wpcf7 no-js\" id=\"wpcf7-f5011-o2\" lang=\"it-IT\" dir=\"ltr\" data-wpcf7-id=\"5011\">\n<div class=\"screen-reader-response\"><p role=\"status\" aria-live=\"polite\" aria-atomic=\"true\"><\/p> <ul><\/ul><\/div>\n<form action=\"\/en\/wp-json\/wp\/v2\/pages\/4497#wpcf7-f5011-o2\" method=\"post\" class=\"wpcf7-form init cf7_custom_style_2\" aria-label=\"Modulo di contatto\" novalidate=\"novalidate\" data-status=\"init\">\n<fieldset class=\"hidden-fields-container\"><input type=\"hidden\" name=\"_wpcf7\" value=\"5011\" \/><input type=\"hidden\" name=\"_wpcf7_version\" value=\"6.1.5\" \/><input type=\"hidden\" name=\"_wpcf7_locale\" value=\"it_IT\" \/><input type=\"hidden\" name=\"_wpcf7_unit_tag\" value=\"wpcf7-f5011-o2\" \/><input type=\"hidden\" name=\"_wpcf7_container_post\" value=\"0\" \/><input type=\"hidden\" name=\"_wpcf7_posted_data_hash\" value=\"\" \/><input type=\"hidden\" name=\"_wpcf7dtx_version\" value=\"5.0.5\" \/><input type=\"hidden\" name=\"_wpcf7_recaptcha_response\" value=\"\" \/>\n<\/fieldset>\n<p><span class=\"wpcf7-form-control-wrap\" data-name=\"nome\"><input size=\"40\" maxlength=\"400\" class=\"wpcf7-form-control wpcf7-text wpcf7-validates-as-required\" aria-required=\"true\" aria-invalid=\"false\" placeholder=\"Name and Surname\" value=\"\" type=\"text\" name=\"nome\" \/><\/span>\n<\/p>\n<p><span class=\"wpcf7-form-control-wrap\" data-name=\"your-email\"><input size=\"40\" maxlength=\"400\" class=\"wpcf7-form-control wpcf7-text wpcf7-validates-as-required\" aria-required=\"true\" aria-invalid=\"false\" placeholder=\"Email\" value=\"\" type=\"text\" name=\"your-email\" \/><\/span>\n<\/p>\n<p><span class=\"wpcf7-form-control-wrap\" data-name=\"tel\"><input class=\"wpcf7-form-control wpcf7-number wpcf7-validates-as-required wpcf7-validates-as-number\" aria-required=\"true\" aria-invalid=\"false\" placeholder=\"Phone\" value=\"\" type=\"number\" name=\"tel\" \/><\/span>\n<\/p>\n<p>[text citt\u00e0 placeholder \"City\"]\n<\/p>\n<p><span class=\"wpcf7-form-control-wrap\" data-name=\"messaggio\"><textarea cols=\"40\" rows=\"10\" maxlength=\"2000\" class=\"wpcf7-form-control wpcf7-textarea\" aria-invalid=\"false\" placeholder=\"Your request\" name=\"messaggio\"><\/textarea><\/span>\n<\/p>\n<font size=\"2px\">\n\t<p><span class=\"wpcf7-form-control-wrap\" data-name=\"consenso\"><span class=\"wpcf7-form-control wpcf7-checkbox wpcf7-validates-as-required\"><span class=\"wpcf7-list-item first last\"><label><input type=\"checkbox\" name=\"consenso[]\" value=\"I have read the Privacy Policy contained on this site and I authorize the processing of my data for the purposes indicated therein.\" \/><span class=\"wpcf7-list-item-label\">I have read the Privacy Policy contained on this site and I authorize the processing of my data for the purposes indicated therein.<\/span><\/label><\/span><\/span><\/span>\n\t<\/p>\n<\/font>\n<p><input class=\"wpcf7-form-control wpcf7-submit has-spinner\" type=\"submit\" value=\"SEND YOUR REQUEST\" \/>\n<\/p><p style=\"display: none !important;\" class=\"akismet-fields-container\" data-prefix=\"_wpcf7_ak_\"><label>&#916;<textarea name=\"_wpcf7_ak_hp_textarea\" cols=\"45\" rows=\"8\" maxlength=\"100\"><\/textarea><\/label><input type=\"hidden\" id=\"ak_js_2\" name=\"_wpcf7_ak_js\" value=\"222\"\/><script type=\"text\/javascript\">\n\/* <![CDATA[ *\/\ndocument.getElementById( \"ak_js_2\" ).setAttribute( \"value\", ( new Date() ).getTime() );\n\/* ]]> *\/\n<\/script>\n<\/p><div class=\"wpcf7-response-output\" aria-hidden=\"true\"><\/div>\n<\/form>\n<\/div>\n[vc_empty_space height=&#8221;64&#8243;][vc_empty_space height=&#8221;64&#8243; el_class=&#8221;desktop&#8221;][\/vc_column][\/vc_row]<\/p>\n","protected":false},"excerpt":{"rendered":"<p>[vc_row row_type=&#8221;row&#8221; content_width=&#8221;full-width&#8221; anchor=&#8221;&#8221; content_aligment=&#8221;center&#8221; css_animation=&#8221;&#8221; css=&#8221;.vc_custom_1626190672651{background-image: url(https:\/\/eliteonboard.com\/wp-content\/uploads\/2021\/07\/sport-1.jpg?id=4928) !important;background-position: center !important;background-repeat: no-repeat !important;background-size: cover !important;}&#8221;][vc_column offset=&#8221;vc_hidden-lg vc_hidden-md&#8221;][vc_empty_space height=&#8221;100px&#8221;][vc_column_text] \u00c9LITE FOR SPORT [\/vc_column_text][vc_column_text] Follow your passion and release your energy to cross the finish line. [\/vc_column_text][vc_empty_space height=&#8221;100px&#8221;][\/vc_column][\/vc_row][vc_row row_type=&#8221;row&#8221; content_width=&#8221;grid&#8221; anchor=&#8221;&#8221; content_aligment=&#8221;center&#8221; css_animation=&#8221;&#8221; el_id=&#8221;bottom&#8221;][vc_column][vc_empty_space height=&#8221;64&#8243; el_class=&#8221;desktop&#8221;][vc_empty_space height=&#8221;64&#8243;][vc_column_text]&#8230;<\/p>\n","protected":false},"author":1,"featured_media":0,"parent":0,"menu_order":0,"comment_status":"closed","ping_status":"closed","template":"full-width.php","meta":{"footnotes":""},"class_list":["post-4497","page","type-page","status-publish","hentry"],"yoast_head":"<!-- This site is optimized with the Yoast SEO plugin v27.5 - https:\/\/yoast.com\/product\/yoast-seo-wordpress\/ -->\n<title>Agenzia viaggi eventi sportivi Bari<\/title>\n<meta name=\"description\" content=\"Agenzia viaggi eventi sportivi a Bari. Curiamo per te l\u2019organizzazione delle tue trasferte sportive\" \/>\n<meta name=\"robots\" content=\"index, follow, max-snippet:-1, max-image-preview:large, max-video-preview:-1\" \/>\n<link rel=\"canonical\" href=\"https:\/\/eliteonboard.com\/agenzia-viaggi-eventi-sportivi\/\" \/>\n<meta property=\"og:locale\" content=\"en_US\" \/>\n<meta property=\"og:type\" content=\"article\" \/>\n<meta property=\"og:title\" content=\"Agenzia viaggi eventi sportivi Bari\" \/>\n<meta property=\"og:description\" content=\"Agenzia viaggi eventi sportivi a Bari. Curiamo per te l\u2019organizzazione delle tue trasferte sportive\" \/>\n<meta property=\"og:url\" content=\"https:\/\/eliteonboard.com\/agenzia-viaggi-eventi-sportivi\/\" \/>\n<meta property=\"og:site_name\" content=\"Elite on Board\" \/>\n<meta property=\"article:modified_time\" content=\"2021-07-16T09:01:06+00:00\" \/>\n<meta name=\"twitter:card\" content=\"summary_large_image\" \/>\n<meta name=\"twitter:label1\" content=\"Est. reading time\" \/>\n\t<meta name=\"twitter:data1\" content=\"1 minute\" \/>\n<script type=\"application\/ld+json\" class=\"yoast-schema-graph\">{\"@context\":\"https:\\\/\\\/schema.org\",\"@graph\":[{\"@type\":\"WebPage\",\"@id\":\"https:\\\/\\\/eliteonboard.com\\\/agenzia-viaggi-eventi-sportivi\\\/\",\"url\":\"https:\\\/\\\/eliteonboard.com\\\/agenzia-viaggi-eventi-sportivi\\\/\",\"name\":\"Agenzia viaggi eventi sportivi Bari\",\"isPartOf\":{\"@id\":\"https:\\\/\\\/eliteonboard.com\\\/#website\"},\"datePublished\":\"2021-07-02T16:03:09+00:00\",\"dateModified\":\"2021-07-16T09:01:06+00:00\",\"description\":\"Agenzia viaggi eventi sportivi a Bari. Curiamo per te l\u2019organizzazione delle tue trasferte sportive\",\"breadcrumb\":{\"@id\":\"https:\\\/\\\/eliteonboard.com\\\/agenzia-viaggi-eventi-sportivi\\\/#breadcrumb\"},\"inLanguage\":\"en-US\",\"potentialAction\":[{\"@type\":\"ReadAction\",\"target\":[\"https:\\\/\\\/eliteonboard.com\\\/agenzia-viaggi-eventi-sportivi\\\/\"]}]},{\"@type\":\"BreadcrumbList\",\"@id\":\"https:\\\/\\\/eliteonboard.com\\\/agenzia-viaggi-eventi-sportivi\\\/#breadcrumb\",\"itemListElement\":[{\"@type\":\"ListItem\",\"position\":1,\"name\":\"Home\",\"item\":\"https:\\\/\\\/eliteonboard.com\\\/\"},{\"@type\":\"ListItem\",\"position\":2,\"name\":\"\u00c9lite for Sport\"}]},{\"@type\":\"WebSite\",\"@id\":\"https:\\\/\\\/eliteonboard.com\\\/#website\",\"url\":\"https:\\\/\\\/eliteonboard.com\\\/\",\"name\":\"Elite on Board\",\"description\":\"\",\"potentialAction\":[{\"@type\":\"SearchAction\",\"target\":{\"@type\":\"EntryPoint\",\"urlTemplate\":\"https:\\\/\\\/eliteonboard.com\\\/?s={search_term_string}\"},\"query-input\":{\"@type\":\"PropertyValueSpecification\",\"valueRequired\":true,\"valueName\":\"search_term_string\"}}],\"inLanguage\":\"en-US\"}]}<\/script>\n<!-- \/ Yoast SEO plugin. -->","yoast_head_json":{"title":"Agenzia viaggi eventi sportivi Bari","description":"Agenzia viaggi eventi sportivi a Bari. Curiamo per te l\u2019organizzazione delle tue trasferte sportive","robots":{"index":"index","follow":"follow","max-snippet":"max-snippet:-1","max-image-preview":"max-image-preview:large","max-video-preview":"max-video-preview:-1"},"canonical":"https:\/\/eliteonboard.com\/agenzia-viaggi-eventi-sportivi\/","og_locale":"en_US","og_type":"article","og_title":"Agenzia viaggi eventi sportivi Bari","og_description":"Agenzia viaggi eventi sportivi a Bari. Curiamo per te l\u2019organizzazione delle tue trasferte sportive","og_url":"https:\/\/eliteonboard.com\/agenzia-viaggi-eventi-sportivi\/","og_site_name":"Elite on Board","article_modified_time":"2021-07-16T09:01:06+00:00","twitter_card":"summary_large_image","twitter_misc":{"Est. reading time":"1 minute"},"schema":{"@context":"https:\/\/schema.org","@graph":[{"@type":"WebPage","@id":"https:\/\/eliteonboard.com\/agenzia-viaggi-eventi-sportivi\/","url":"https:\/\/eliteonboard.com\/agenzia-viaggi-eventi-sportivi\/","name":"Agenzia viaggi eventi sportivi Bari","isPartOf":{"@id":"https:\/\/eliteonboard.com\/#website"},"datePublished":"2021-07-02T16:03:09+00:00","dateModified":"2021-07-16T09:01:06+00:00","description":"Agenzia viaggi eventi sportivi a Bari. Curiamo per te l\u2019organizzazione delle tue trasferte sportive","breadcrumb":{"@id":"https:\/\/eliteonboard.com\/agenzia-viaggi-eventi-sportivi\/#breadcrumb"},"inLanguage":"en-US","potentialAction":[{"@type":"ReadAction","target":["https:\/\/eliteonboard.com\/agenzia-viaggi-eventi-sportivi\/"]}]},{"@type":"BreadcrumbList","@id":"https:\/\/eliteonboard.com\/agenzia-viaggi-eventi-sportivi\/#breadcrumb","itemListElement":[{"@type":"ListItem","position":1,"name":"Home","item":"https:\/\/eliteonboard.com\/"},{"@type":"ListItem","position":2,"name":"\u00c9lite for Sport"}]},{"@type":"WebSite","@id":"https:\/\/eliteonboard.com\/#website","url":"https:\/\/eliteonboard.com\/","name":"Elite on Board","description":"","potentialAction":[{"@type":"SearchAction","target":{"@type":"EntryPoint","urlTemplate":"https:\/\/eliteonboard.com\/?s={search_term_string}"},"query-input":{"@type":"PropertyValueSpecification","valueRequired":true,"valueName":"search_term_string"}}],"inLanguage":"en-US"}]}},"_links":{"self":[{"href":"https:\/\/eliteonboard.com\/en\/wp-json\/wp\/v2\/pages\/4497","targetHints":{"allow":["GET"]}}],"collection":[{"href":"https:\/\/eliteonboard.com\/en\/wp-json\/wp\/v2\/pages"}],"about":[{"href":"https:\/\/eliteonboard.com\/en\/wp-json\/wp\/v2\/types\/page"}],"author":[{"embeddable":true,"href":"https:\/\/eliteonboard.com\/en\/wp-json\/wp\/v2\/users\/1"}],"replies":[{"embeddable":true,"href":"https:\/\/eliteonboard.com\/en\/wp-json\/wp\/v2\/comments?post=4497"}],"version-history":[{"count":29,"href":"https:\/\/eliteonboard.com\/en\/wp-json\/wp\/v2\/pages\/4497\/revisions"}],"predecessor-version":[{"id":5051,"href":"https:\/\/eliteonboard.com\/en\/wp-json\/wp\/v2\/pages\/4497\/revisions\/5051"}],"wp:attachment":[{"href":"https:\/\/eliteonboard.com\/en\/wp-json\/wp\/v2\/media?parent=4497"}],"curies":[{"name":"wp","href":"https:\/\/api.w.org\/{rel}","templated":true}]}}