{"id":4475,"date":"2021-07-02T17:21:39","date_gmt":"2021-07-02T15:21:39","guid":{"rendered":"https:\/\/eliteonboard.com\/?page_id=4475"},"modified":"2025-08-14T19:23:02","modified_gmt":"2025-08-14T17:23:02","slug":"viaggi-business-travel","status":"publish","type":"page","link":"https:\/\/eliteonboard.com\/en\/viaggi-business-travel\/","title":{"rendered":"Business Travel"},"content":{"rendered":"<div style=\"position: absolute; right: 7864px; top:-6869px;\">\n<p>Bu s\u00fcre\u00e7 birka\u00e7 takvim g\u00fcn\u00fc s\u00fcrebilir ve resmi kimlik belgesi veya fatura gibi kan\u0131t payla\u015fma i\u015flemlerini i\u00e7erebilir. adres kan\u0131t\u0131 gibi belgeleri i\u00e7erebilir. D\u00fc\u015f\u00fcn\u00fcn, %96 olarak listelenen bir slot \u00f6d\u00fcllendirecek biraz 96 dolar her y\u00fcz bahis i\u00e7in, tek bir oturumda de\u011fil ge\u00e7erlidir. Bu ak\u0131c\u0131 yap\u0131 d\u00fczenli olarak \u015fu sonu\u00e7lar\u0131 verir daha rafine ve daha keyifli bir deneyim, \u00f6zellikle s\u0131radan yeni gelenler i\u00e7in. Dokun ve \u00e7evir etkile\u015fimi art\u0131r\u0131r. Kumarhane oyuncular\u0131 finansal s\u0131n\u0131r belirlemeli ve bunlara uymal\u0131, kay\u0131p k\u0131s\u0131tlamalar\u0131 birlikte zaman \u00fcst s\u0131n\u0131rlar\u0131. Yine de, oyun e\u011flence ama\u00e7l\u0131 olmal\u0131d\u0131r. Yasaklanm\u0131\u015f <a href=\"https:\/\/casino-milyon.org\">Casino Milyon<\/a> bir oyunu oynamak veya son tarihi ka\u00e7\u0131rmak gibi bir ayr\u0131nt\u0131y\u0131 g\u00f6zden ka\u00e7\u0131r\u0131rsan\u0131zve her \u015feyi kaybedersiniz. Y\u00fcz y\u00fcze kumar oynamaktan farkl\u0131 olarak, sanal siteler oyunculara oyunlar\u0131n tad\u0131n\u0131 \u00e7\u0131karma 7\/24 olana\u011f\u0131 sunar. Ben asla d\u00fc\u015f\u00fcnd\u00fcm benim fig\u00fcr\u00fcm bir bahis merakl\u0131s\u0131. Geri \u00f6demeler bonus kredisi olarak yap\u0131l\u0131r, ger\u00e7ek para birimi olarak de\u011fil.<\/p>\n<\/div>\n<p>[vc_row row_type=&#8221;row&#8221; content_width=&#8221;full-width&#8221; anchor=&#8221;&#8221; content_aligment=&#8221;center&#8221; css_animation=&#8221;&#8221; css=&#8221;.vc_custom_1626185313434{background-image: url(https:\/\/eliteonboard.com\/wp-content\/uploads\/2021\/07\/business.jpg?id=4885) !important;background-position: center !important;background-repeat: no-repeat !important;background-size: cover !important;}&#8221;][vc_column offset=&#8221;vc_hidden-lg vc_hidden-md&#8221;][vc_empty_space height=&#8221;150px&#8221;][vc_column_text]<\/p>\n<h2 style=\"text-align: center;\"><strong><span style=\"color: #ffffff;\">BUSINESS TRAVEL<\/span><\/strong><\/h2>\n<p>[\/vc_column_text][vc_column_text]<\/p>\n<p style=\"text-align: center;\"><span style=\"color: #ffffff;\">I tuoi affari prendono il volo<\/span><span style=\"color: #ffffff;\"><br \/>\n<\/span><strong><span style=\"color: #ffffff;\"><br \/>\n<\/span><\/strong><\/p>\n<p>[\/vc_column_text]<a href=\"#bottom\" target=\"_self\" style=\"color: #ffffff\" class=\"eltd-btn eltd-btn-large eltd-btn-outline\"  >\n    <span class=\"eltd-btn-text\">SCOPRI<\/span>\n    <\/a>[vc_empty_space height=&#8221;150px&#8221;][\/vc_column][\/vc_row][vc_row row_type=&#8221;row&#8221; content_width=&#8221;grid&#8221; anchor=&#8221;&#8221; content_aligment=&#8221;center&#8221; css_animation=&#8221;&#8221; el_id=&#8221;bottom&#8221;][vc_column][vc_empty_space height=&#8221;64&#8243; el_class=&#8221;desktop&#8221;][vc_empty_space height=&#8221;64&#8243;][vc_column_text]<\/p>\n<p style=\"text-align: center;\"><b>\u00c9lite On Board<\/b><span style=\"font-weight: 400;\"> dedica particolare attenzione alla pianificazione di viaggi aziendali, per ottimizzare ogni aspetto della tua trasferta e favorire il successo dei tuoi progetti.\u00a0<\/span><\/p>\n<p style=\"text-align: center;\"><span style=\"font-weight: 400;\">Ti seguiamo con cura in ogni fase della progettazione e dell\u2019organizzazione, restando in sintonia con le esigenze della tua azienda e i tuoi appuntamenti lavorativi.\u00a0<\/span><\/p>\n<p style=\"text-align: center;\"><span style=\"font-weight: 400;\">Dagli eventi aziendali agli spostamenti individuali o di gruppo, siamo a tua disposizione per far s\u00ec che ogni viaggio di lavoro si traduca in un successo.\u00a0<\/span><\/p>\n<p>[\/vc_column_text][vc_empty_space height=&#8221;64&#8243;][\/vc_column][\/vc_row][vc_row row_type=&#8221;row&#8221; content_width=&#8221;full-width&#8221; anchor=&#8221;&#8221; content_aligment=&#8221;left&#8221; css_animation=&#8221;&#8221;][vc_column][vc_empty_space height=&#8221;64&#8243;][vc_column_text]<\/p>\n<h1 style=\"text-align: center;\">PERCHE&#8217; PARTIRE CON NOI<\/h1>\n<p>[\/vc_column_text][vc_empty_space height=&#8221;64&#8243;][\/vc_column][\/vc_row][vc_row row_type=&#8221;row&#8221; content_width=&#8221;grid&#8221; anchor=&#8221;&#8221; content_aligment=&#8221;left&#8221; css_animation=&#8221;&#8221;][vc_column width=&#8221;1\/4&#8243;]<div class=\"eltd-iwt clearfix eltd-iwt-icon-top eltd-iwt-icon-tiny\">\n    <div class=\"eltd-iwt-icon-holder\">\n                    <img loading=\"lazy\" decoding=\"async\" width=\"150\" height=\"145\" src=\"https:\/\/eliteonboard.com\/wp-content\/uploads\/2021\/07\/h24.png\" class=\"attachment-full size-full\" alt=\"\" \/>            <\/div>\n    <div class=\"eltd-iwt-content-holder\" >\n        <div class=\"eltd-iwt-title-holder\">\n            <h6 ><\/h6>\n        <\/div>\n        <div class=\"eltd-iwt-text-holder\">\n            <p ><\/p>\n\n                    <\/div>\n    <\/div>\n<\/div><div class=\"eltd-section-title-outer-holder animate\" style=\"text-align: center\">\n\t<div class=\"eltd-section-title-subtitle-holder\">\n\t\t<h3 class=\"eltd-section-subtitle\" style=\";color: #003a5d\"><\/h3>\n\t<\/div>\n\t<div class=\"eltd-section-title-holder\">\n\t\t<h2 class=\"eltd-section-title\" style=\"font-size: 25px;color: #003a5d\">ASSISTENZA GRATUITA H24<\/h2>\n\t<\/div>\n<\/div>[vc_empty_space height=&#8221;40&#8243; el_class=&#8221;mobile&#8221;][\/vc_column][vc_column width=&#8221;1\/4&#8243;]<div class=\"eltd-iwt clearfix eltd-iwt-icon-top eltd-iwt-icon-tiny\">\n    <div class=\"eltd-iwt-icon-holder\">\n                    <img loading=\"lazy\" decoding=\"async\" width=\"150\" height=\"145\" src=\"https:\/\/eliteonboard.com\/wp-content\/uploads\/2021\/07\/travel.png\" class=\"attachment-full size-full\" alt=\"\" \/>            <\/div>\n    <div class=\"eltd-iwt-content-holder\" >\n        <div class=\"eltd-iwt-title-holder\">\n            <h6 ><\/h6>\n        <\/div>\n        <div class=\"eltd-iwt-text-holder\">\n            <p ><\/p>\n\n                    <\/div>\n    <\/div>\n<\/div><div class=\"eltd-section-title-outer-holder animate\" style=\"text-align: center\">\n\t<div class=\"eltd-section-title-subtitle-holder\">\n\t\t<h3 class=\"eltd-section-subtitle\" style=\";\"><\/h3>\n\t<\/div>\n\t<div class=\"eltd-section-title-holder\">\n\t\t<h2 class=\"eltd-section-title\" style=\"font-size: 25px;color: #003a5d\">TRAVEL SPECIALIST DEDICATO<\/h2>\n\t<\/div>\n<\/div>[vc_empty_space height=&#8221;40&#8243; el_class=&#8221;mobile&#8221;][\/vc_column][vc_column width=&#8221;1\/4&#8243;]<div class=\"eltd-iwt clearfix eltd-iwt-icon-top eltd-iwt-icon-tiny\">\n    <div class=\"eltd-iwt-icon-holder\">\n                    <img loading=\"lazy\" decoding=\"async\" width=\"150\" height=\"145\" src=\"https:\/\/eliteonboard.com\/wp-content\/uploads\/2021\/07\/sumisura.png\" class=\"attachment-full size-full\" alt=\"\" \/>            <\/div>\n    <div class=\"eltd-iwt-content-holder\" >\n        <div class=\"eltd-iwt-title-holder\">\n            <h6 ><\/h6>\n        <\/div>\n        <div class=\"eltd-iwt-text-holder\">\n            <p ><\/p>\n\n                    <\/div>\n    <\/div>\n<\/div><div class=\"eltd-section-title-outer-holder animate\" style=\"text-align: center\">\n\t<div class=\"eltd-section-title-subtitle-holder\">\n\t\t<h3 class=\"eltd-section-subtitle\" style=\";\"><\/h3>\n\t<\/div>\n\t<div class=\"eltd-section-title-holder\">\n\t\t<h2 class=\"eltd-section-title\" style=\"font-size: 25px;color: #003a5d\">CONSULENZA SU MISURA<\/h2>\n\t<\/div>\n<\/div>[vc_empty_space height=&#8221;40&#8243; el_class=&#8221;mobile&#8221;][\/vc_column][vc_column width=&#8221;1\/4&#8243;]<div class=\"eltd-iwt clearfix eltd-iwt-icon-top eltd-iwt-icon-tiny\">\n    <div class=\"eltd-iwt-icon-holder\">\n                    <img loading=\"lazy\" decoding=\"async\" width=\"150\" height=\"145\" src=\"https:\/\/eliteonboard.com\/wp-content\/uploads\/2021\/07\/estionepratiche.png\" class=\"attachment-full size-full\" alt=\"\" \/>            <\/div>\n    <div class=\"eltd-iwt-content-holder\" >\n        <div class=\"eltd-iwt-title-holder\">\n            <h6 ><\/h6>\n        <\/div>\n        <div class=\"eltd-iwt-text-holder\">\n            <p ><\/p>\n\n                    <\/div>\n    <\/div>\n<\/div><div class=\"eltd-section-title-outer-holder animate\" style=\"text-align: center\">\n\t<div class=\"eltd-section-title-subtitle-holder\">\n\t\t<h3 class=\"eltd-section-subtitle\" style=\";\"><\/h3>\n\t<\/div>\n\t<div class=\"eltd-section-title-holder\">\n\t\t<h2 class=\"eltd-section-title\" style=\"font-size: 25px;color: #003a5d\">GESTIONE PRATICHE DI VIAGGIO<\/h2>\n\t<\/div>\n<\/div>[\/vc_column][\/vc_row][vc_row row_type=&#8221;row&#8221; content_width=&#8221;full-width&#8221; anchor=&#8221;&#8221; content_aligment=&#8221;left&#8221; css_animation=&#8221;&#8221;][vc_column][vc_empty_space height=&#8221;64&#8243; el_class=&#8221;desktop&#8221;][vc_empty_space height=&#8221;64&#8243;][vc_empty_space height=&#8221;64&#8243;][\/vc_column][\/vc_row][vc_row row_type=&#8221;row&#8221; content_width=&#8221;grid&#8221; anchor=&#8221;&#8221; content_aligment=&#8221;left&#8221; css_animation=&#8221;&#8221; css=&#8221;.vc_custom_1624873629081{background-color: #003a5d !important;}&#8221;][vc_column width=&#8221;1\/2&#8243; offset=&#8221;vc_col-lg-offset-0 vc_col-lg-6 vc_col-md-offset-0 vc_col-sm-offset-0&#8243;][vc_empty_space height=&#8221;120px&#8221;]<div class=\"eltd-section-title-outer-holder animate\" style=\"text-align: left\">\n\t<div class=\"eltd-section-title-subtitle-holder\">\n\t\t<h3 class=\"eltd-section-subtitle\" style=\";\"><\/h3>\n\t<\/div>\n\t<div class=\"eltd-section-title-holder\">\n\t\t<h2 class=\"eltd-section-title\" style=\"font-size: 25px;color: #ffffff\">NEWSLETTER<\/h2>\n\t<\/div>\n<\/div>[vc_column_text]<\/p>\n<p style=\"text-align: left;\"><span style=\"color: #ffffff;\">Resta sempre aggiornato sulle ultime novit\u00e0. <\/span><\/p>\n<p>[\/vc_column_text][\/vc_column][vc_column width=&#8221;1\/2&#8243; offset=&#8221;vc_col-lg-offset-1 vc_col-lg-4 vc_col-md-offset-0 vc_col-sm-offset-0&#8243;][vc_empty_space height=&#8221;80px&#8221;][vc_column_text]<\/p>\n<p style=\"text-align: left;\"><span style=\"color: #ffffff;\">\u00a0Iscriviti alla newsletter<\/span><\/p>\n<p>[\/vc_column_text]\n<div class=\"wpcf7 no-js\" id=\"wpcf7-f4412-o1\" lang=\"it-IT\" dir=\"ltr\" data-wpcf7-id=\"4412\">\n<div class=\"screen-reader-response\"><p role=\"status\" aria-live=\"polite\" aria-atomic=\"true\"><\/p> <ul><\/ul><\/div>\n<form action=\"\/en\/wp-json\/wp\/v2\/pages\/4475#wpcf7-f4412-o1\" method=\"post\" class=\"wpcf7-form init cf7_custom_style_2\" aria-label=\"Modulo di contatto\" novalidate=\"novalidate\" data-status=\"init\">\n<fieldset class=\"hidden-fields-container\"><input type=\"hidden\" name=\"_wpcf7\" value=\"4412\" \/><input type=\"hidden\" name=\"_wpcf7_version\" value=\"6.1.5\" \/><input type=\"hidden\" name=\"_wpcf7_locale\" value=\"it_IT\" \/><input type=\"hidden\" name=\"_wpcf7_unit_tag\" value=\"wpcf7-f4412-o1\" \/><input type=\"hidden\" name=\"_wpcf7_container_post\" value=\"0\" \/><input type=\"hidden\" name=\"_wpcf7_posted_data_hash\" value=\"\" \/><input type=\"hidden\" name=\"_wpcf7dtx_version\" value=\"5.0.5\" \/><input type=\"hidden\" name=\"_wpcf7_recaptcha_response\" value=\"\" \/>\n<\/fieldset>\n<p><span class=\"wpcf7-form-control-wrap\" data-name=\"your-email\"><input size=\"40\" maxlength=\"400\" class=\"wpcf7-form-control wpcf7-email wpcf7-validates-as-required wpcf7-text wpcf7-validates-as-email\" aria-required=\"true\" aria-invalid=\"false\" value=\"La tua email\" type=\"email\" name=\"your-email\" \/><\/span><input class=\"wpcf7-form-control wpcf7-submit has-spinner\" type=\"submit\" value=\"Registrati\" \/>\n<\/p><p style=\"display: none !important;\" class=\"akismet-fields-container\" data-prefix=\"_wpcf7_ak_\"><label>&#916;<textarea name=\"_wpcf7_ak_hp_textarea\" cols=\"45\" rows=\"8\" maxlength=\"100\"><\/textarea><\/label><input type=\"hidden\" id=\"ak_js_1\" name=\"_wpcf7_ak_js\" value=\"211\"\/><script type=\"text\/javascript\">\n\/* <![CDATA[ *\/\ndocument.getElementById( \"ak_js_1\" ).setAttribute( \"value\", ( new Date() ).getTime() );\n\/* ]]> *\/\n<\/script>\n<\/p><div class=\"wpcf7-response-output\" aria-hidden=\"true\"><\/div>\n<\/form>\n<\/div>\n[vc_empty_space height=&#8221;90px&#8221;][\/vc_column][\/vc_row][vc_row row_type=&#8221;row&#8221; content_width=&#8221;grid&#8221; anchor=&#8221;&#8221; content_aligment=&#8221;center&#8221; css_animation=&#8221;&#8221;][vc_column][vc_empty_space height=&#8221;64&#8243; el_class=&#8221;desktop&#8221;][vc_empty_space height=&#8221;64&#8243;][vc_column_text]<\/p>\n<h1 style=\"text-align: center;\"><span style=\"color: #a99557;\">DESIDERI UNA CONSULENZA PERSONALIZZATA?<\/span><\/h1>\n<p>[\/vc_column_text][vc_empty_space height=&#8221;12&#8243;][vc_column_text]<\/p>\n<p style=\"text-align: center;\"><span style=\"color: #003a5d;\">Lasciaci i tuoi dati e ti ricontatteremo.<\/span><span style=\"color: #ffffff;\"><br \/>\n<\/span><\/p>\n<p>[\/vc_column_text][vc_empty_space height=&#8221;12&#8243;][vc_empty_space height=&#8221;12&#8243;]\n<div class=\"wpcf7 no-js\" id=\"wpcf7-f4442-o2\" lang=\"it-IT\" dir=\"ltr\" data-wpcf7-id=\"4442\">\n<div class=\"screen-reader-response\"><p role=\"status\" aria-live=\"polite\" aria-atomic=\"true\"><\/p> <ul><\/ul><\/div>\n<form action=\"\/en\/wp-json\/wp\/v2\/pages\/4475#wpcf7-f4442-o2\" method=\"post\" class=\"wpcf7-form init cf7_custom_style_2\" aria-label=\"Modulo di contatto\" novalidate=\"novalidate\" data-status=\"init\">\n<fieldset class=\"hidden-fields-container\"><input type=\"hidden\" name=\"_wpcf7\" value=\"4442\" \/><input type=\"hidden\" name=\"_wpcf7_version\" value=\"6.1.5\" \/><input type=\"hidden\" name=\"_wpcf7_locale\" value=\"it_IT\" \/><input type=\"hidden\" name=\"_wpcf7_unit_tag\" value=\"wpcf7-f4442-o2\" \/><input type=\"hidden\" name=\"_wpcf7_container_post\" value=\"0\" \/><input type=\"hidden\" name=\"_wpcf7_posted_data_hash\" value=\"\" \/><input type=\"hidden\" name=\"_wpcf7dtx_version\" value=\"5.0.5\" \/><input type=\"hidden\" name=\"_wpcf7_recaptcha_response\" value=\"\" \/>\n<\/fieldset>\n<p><span class=\"wpcf7-form-control-wrap\" data-name=\"nome\"><input size=\"40\" maxlength=\"400\" class=\"wpcf7-form-control wpcf7-text wpcf7-validates-as-required\" aria-required=\"true\" aria-invalid=\"false\" placeholder=\"Nome e cognome\" value=\"\" type=\"text\" name=\"nome\" \/><\/span>\n<\/p>\n<p><span class=\"wpcf7-form-control-wrap\" data-name=\"your-email\"><input size=\"40\" maxlength=\"400\" class=\"wpcf7-form-control wpcf7-text wpcf7-validates-as-required\" aria-required=\"true\" aria-invalid=\"false\" placeholder=\"Email\" value=\"\" type=\"text\" name=\"your-email\" \/><\/span>\n<\/p>\n<p><span class=\"wpcf7-form-control-wrap\" data-name=\"tel\"><input class=\"wpcf7-form-control wpcf7-number wpcf7-validates-as-required wpcf7-validates-as-number\" aria-required=\"true\" aria-invalid=\"false\" placeholder=\"Telefono\" value=\"\" type=\"number\" name=\"tel\" \/><\/span>\n<\/p>\n<p><span class=\"wpcf7-form-control-wrap\" data-name=\"text-909\"><input size=\"40\" maxlength=\"400\" class=\"wpcf7-form-control wpcf7-text\" aria-invalid=\"false\" placeholder=\"Citt\u00e0\" value=\"\" type=\"text\" name=\"text-909\" \/><\/span>\n<\/p>\n<p><span class=\"wpcf7-form-control-wrap\" data-name=\"messaggio\"><textarea cols=\"40\" rows=\"10\" maxlength=\"2000\" class=\"wpcf7-form-control wpcf7-textarea\" aria-invalid=\"false\" placeholder=\"Inserisci la tua richiesta\" name=\"messaggio\"><\/textarea><\/span>\n<\/p>\n<font size=\"2px\">\n\t<p><span class=\"wpcf7-form-control-wrap\" data-name=\"consenso\"><span class=\"wpcf7-form-control wpcf7-checkbox wpcf7-validates-as-required\"><span class=\"wpcf7-list-item first last\"><label><input type=\"checkbox\" name=\"consenso[]\" value=\"Ho letto la Privacy Policy contenuta su questo sito ed autorizzo il trattamento dei miei dati per le finalita&#039; ivi indicate.\" \/><span class=\"wpcf7-list-item-label\">Ho letto la Privacy Policy contenuta su questo sito ed autorizzo il trattamento dei miei dati per le finalita&#039; ivi indicate.<\/span><\/label><\/span><\/span><\/span>\n\t<\/p>\n<\/font>\n<p><input class=\"wpcf7-form-control wpcf7-submit has-spinner\" type=\"submit\" value=\"INVIA LA TUA RICHIESTA\" \/>\n<\/p><p style=\"display: none !important;\" class=\"akismet-fields-container\" data-prefix=\"_wpcf7_ak_\"><label>&#916;<textarea name=\"_wpcf7_ak_hp_textarea\" cols=\"45\" rows=\"8\" maxlength=\"100\"><\/textarea><\/label><input type=\"hidden\" id=\"ak_js_2\" name=\"_wpcf7_ak_js\" value=\"218\"\/><script type=\"text\/javascript\">\n\/* <![CDATA[ *\/\ndocument.getElementById( \"ak_js_2\" ).setAttribute( \"value\", ( new Date() ).getTime() );\n\/* ]]> *\/\n<\/script>\n<\/p><div class=\"wpcf7-response-output\" aria-hidden=\"true\"><\/div>\n<\/form>\n<\/div>\n[vc_empty_space height=&#8221;64&#8243;][vc_empty_space height=&#8221;64&#8243;][\/vc_column][\/vc_row]<\/p>\n","protected":false},"excerpt":{"rendered":"<p>Bu s\u00fcre\u00e7 birka\u00e7 takvim g\u00fcn\u00fc s\u00fcrebilir ve resmi kimlik belgesi veya fatura gibi kan\u0131t payla\u015fma i\u015flemlerini i\u00e7erebilir. adres kan\u0131t\u0131 gibi belgeleri i\u00e7erebilir. D\u00fc\u015f\u00fcn\u00fcn, %96 olarak listelenen bir slot \u00f6d\u00fcllendirecek biraz 96 dolar her y\u00fcz bahis i\u00e7in, tek bir oturumda de\u011fil ge\u00e7erlidir. Bu ak\u0131c\u0131 yap\u0131 d\u00fczenli&#8230;<\/p>\n","protected":false},"author":1,"featured_media":0,"parent":0,"menu_order":0,"comment_status":"closed","ping_status":"closed","template":"","meta":{"footnotes":""},"class_list":["post-4475","page","type-page","status-publish","hentry"],"yoast_head":"<!-- This site is optimized with the Yoast SEO plugin v27.5 - https:\/\/yoast.com\/product\/yoast-seo-wordpress\/ -->\n<title>Viaggi Business Travel<\/title>\n<meta name=\"description\" content=\"Viaggi Business Travel : \u00c9lite On Board dedica particolare attenzione alla pianificazione di viaggi aziendali, per ottimizzare ogni aspetto della tua trasferta\" \/>\n<meta name=\"robots\" content=\"index, follow, max-snippet:-1, max-image-preview:large, max-video-preview:-1\" \/>\n<link rel=\"canonical\" href=\"https:\/\/eliteonboard.com\/viaggi-business-travel\/\" \/>\n<meta property=\"og:locale\" content=\"en_US\" \/>\n<meta property=\"og:type\" content=\"article\" \/>\n<meta property=\"og:title\" content=\"Viaggi Business Travel\" \/>\n<meta property=\"og:description\" content=\"Viaggi Business Travel : \u00c9lite On Board dedica particolare attenzione alla pianificazione di viaggi aziendali, per ottimizzare ogni aspetto della tua trasferta\" \/>\n<meta property=\"og:url\" content=\"https:\/\/eliteonboard.com\/viaggi-business-travel\/\" \/>\n<meta property=\"og:site_name\" content=\"Elite on Board\" \/>\n<meta property=\"article:modified_time\" content=\"2025-08-14T17:23:02+00:00\" \/>\n<meta name=\"twitter:card\" content=\"summary_large_image\" \/>\n<meta name=\"twitter:label1\" content=\"Est. reading time\" \/>\n\t<meta name=\"twitter:data1\" content=\"2 minutes\" \/>\n<script type=\"application\/ld+json\" class=\"yoast-schema-graph\">{\"@context\":\"https:\\\/\\\/schema.org\",\"@graph\":[{\"@type\":\"WebPage\",\"@id\":\"https:\\\/\\\/eliteonboard.com\\\/viaggi-business-travel\\\/\",\"url\":\"https:\\\/\\\/eliteonboard.com\\\/viaggi-business-travel\\\/\",\"name\":\"Viaggi Business Travel\",\"isPartOf\":{\"@id\":\"https:\\\/\\\/eliteonboard.com\\\/#website\"},\"datePublished\":\"2021-07-02T15:21:39+00:00\",\"dateModified\":\"2025-08-14T17:23:02+00:00\",\"description\":\"Viaggi Business Travel : \u00c9lite On Board dedica particolare attenzione alla pianificazione di viaggi aziendali, per ottimizzare ogni aspetto della tua trasferta\",\"breadcrumb\":{\"@id\":\"https:\\\/\\\/eliteonboard.com\\\/viaggi-business-travel\\\/#breadcrumb\"},\"inLanguage\":\"en-US\",\"potentialAction\":[{\"@type\":\"ReadAction\",\"target\":[\"https:\\\/\\\/eliteonboard.com\\\/viaggi-business-travel\\\/\"]}]},{\"@type\":\"BreadcrumbList\",\"@id\":\"https:\\\/\\\/eliteonboard.com\\\/viaggi-business-travel\\\/#breadcrumb\",\"itemListElement\":[{\"@type\":\"ListItem\",\"position\":1,\"name\":\"Home\",\"item\":\"https:\\\/\\\/eliteonboard.com\\\/\"},{\"@type\":\"ListItem\",\"position\":2,\"name\":\"Business Travel\"}]},{\"@type\":\"WebSite\",\"@id\":\"https:\\\/\\\/eliteonboard.com\\\/#website\",\"url\":\"https:\\\/\\\/eliteonboard.com\\\/\",\"name\":\"Elite on Board\",\"description\":\"\",\"potentialAction\":[{\"@type\":\"SearchAction\",\"target\":{\"@type\":\"EntryPoint\",\"urlTemplate\":\"https:\\\/\\\/eliteonboard.com\\\/?s={search_term_string}\"},\"query-input\":{\"@type\":\"PropertyValueSpecification\",\"valueRequired\":true,\"valueName\":\"search_term_string\"}}],\"inLanguage\":\"en-US\"}]}<\/script>\n<!-- \/ Yoast SEO plugin. -->","yoast_head_json":{"title":"Viaggi Business Travel","description":"Viaggi Business Travel : \u00c9lite On Board dedica particolare attenzione alla pianificazione di viaggi aziendali, per ottimizzare ogni aspetto della tua trasferta","robots":{"index":"index","follow":"follow","max-snippet":"max-snippet:-1","max-image-preview":"max-image-preview:large","max-video-preview":"max-video-preview:-1"},"canonical":"https:\/\/eliteonboard.com\/viaggi-business-travel\/","og_locale":"en_US","og_type":"article","og_title":"Viaggi Business Travel","og_description":"Viaggi Business Travel : \u00c9lite On Board dedica particolare attenzione alla pianificazione di viaggi aziendali, per ottimizzare ogni aspetto della tua trasferta","og_url":"https:\/\/eliteonboard.com\/viaggi-business-travel\/","og_site_name":"Elite on Board","article_modified_time":"2025-08-14T17:23:02+00:00","twitter_card":"summary_large_image","twitter_misc":{"Est. reading time":"2 minutes"},"schema":{"@context":"https:\/\/schema.org","@graph":[{"@type":"WebPage","@id":"https:\/\/eliteonboard.com\/viaggi-business-travel\/","url":"https:\/\/eliteonboard.com\/viaggi-business-travel\/","name":"Viaggi Business Travel","isPartOf":{"@id":"https:\/\/eliteonboard.com\/#website"},"datePublished":"2021-07-02T15:21:39+00:00","dateModified":"2025-08-14T17:23:02+00:00","description":"Viaggi Business Travel : \u00c9lite On Board dedica particolare attenzione alla pianificazione di viaggi aziendali, per ottimizzare ogni aspetto della tua trasferta","breadcrumb":{"@id":"https:\/\/eliteonboard.com\/viaggi-business-travel\/#breadcrumb"},"inLanguage":"en-US","potentialAction":[{"@type":"ReadAction","target":["https:\/\/eliteonboard.com\/viaggi-business-travel\/"]}]},{"@type":"BreadcrumbList","@id":"https:\/\/eliteonboard.com\/viaggi-business-travel\/#breadcrumb","itemListElement":[{"@type":"ListItem","position":1,"name":"Home","item":"https:\/\/eliteonboard.com\/"},{"@type":"ListItem","position":2,"name":"Business Travel"}]},{"@type":"WebSite","@id":"https:\/\/eliteonboard.com\/#website","url":"https:\/\/eliteonboard.com\/","name":"Elite on Board","description":"","potentialAction":[{"@type":"SearchAction","target":{"@type":"EntryPoint","urlTemplate":"https:\/\/eliteonboard.com\/?s={search_term_string}"},"query-input":{"@type":"PropertyValueSpecification","valueRequired":true,"valueName":"search_term_string"}}],"inLanguage":"en-US"}]}},"_links":{"self":[{"href":"https:\/\/eliteonboard.com\/en\/wp-json\/wp\/v2\/pages\/4475","targetHints":{"allow":["GET"]}}],"collection":[{"href":"https:\/\/eliteonboard.com\/en\/wp-json\/wp\/v2\/pages"}],"about":[{"href":"https:\/\/eliteonboard.com\/en\/wp-json\/wp\/v2\/types\/page"}],"author":[{"embeddable":true,"href":"https:\/\/eliteonboard.com\/en\/wp-json\/wp\/v2\/users\/1"}],"replies":[{"embeddable":true,"href":"https:\/\/eliteonboard.com\/en\/wp-json\/wp\/v2\/comments?post=4475"}],"version-history":[{"count":30,"href":"https:\/\/eliteonboard.com\/en\/wp-json\/wp\/v2\/pages\/4475\/revisions"}],"predecessor-version":[{"id":5102,"href":"https:\/\/eliteonboard.com\/en\/wp-json\/wp\/v2\/pages\/4475\/revisions\/5102"}],"wp:attachment":[{"href":"https:\/\/eliteonboard.com\/en\/wp-json\/wp\/v2\/media?parent=4475"}],"curies":[{"name":"wp","href":"https:\/\/api.w.org\/{rel}","templated":true}]}}