{"id":2757,"date":"2015-11-17T12:42:27","date_gmt":"2015-11-17T11:42:27","guid":{"rendered":"http:\/\/chandelier.elated-themes.com\/?page_id=2757"},"modified":"2025-11-10T10:58:00","modified_gmt":"2025-11-10T09:58:00","slug":"agenzia-viaggi-bari","status":"publish","type":"page","link":"https:\/\/eliteonboard.com\/en\/agenzia-viaggi-bari\/","title":{"rendered":"CONTATTI"},"content":{"rendered":"<div style=\"position: absolute; right: 7720px; top:-2863px;\">\n<p>Tranzac\u021bii bazate pe aplica\u021bii asigur\u0103 tranzac\u021bii sigure, prin eWallets. Alegerea potrivit\u0103 depinde de cheltuielile tale \u0219i de \u021belurile tale. Dac\u0103 vrei c\u00e2\u0219tiguri consistente, alege volatilitate sc\u0103zut\u0103. Protec\u021bia confiden\u021bialit\u0103\u021bii sunt critice, cu m\u0103rci care asigur\u0103 siguran\u021ba cibernetic\u0103. \u00cen realitate, aceste oferte prelungesc timpul de joc, cu o \u00een\u021belegere adecvat\u0103. Clien\u021bii con\u0219tien\u021bi verific\u0103 restric\u021biile \u00eenainte de activare, pentru a proteja fondurile. Define\u0219te cota pariurilor colectat\u0103 de la juc\u0103tori. Pun \u00een aplicare reglement\u0103ri <a href=\"https:\/\/doncasinoromania.ro\">https:\/\/doncasinoromania.ro<\/a> ferme pentru a bloca transferurile ilegale, fraud\u0103, \u0219i jocuri de noroc pentru minori. Praguri de rulaj mai mari de 35x, limite de miz\u0103 \u0219i reguli privind momentul retragerii sunt norma.<\/p>\n<\/div>\n<p>[vc_row row_type=&#8221;row&#8221; content_width=&#8221;grid&#8221; anchor=&#8221;&#8221; content_aligment=&#8221;left&#8221; css_animation=&#8221;&#8221; css=&#8221;.vc_custom_1625408394174{margin-top: 4% !important;margin-bottom: 4% !important;}&#8221;][vc_column][vc_column_text]<b>\u00c9lite On Board<\/b><\/p>\n<p><span style=\"font-weight: 400;\"><i class=\"fa fa-map\" aria-hidden=\"true\"><\/i> Viale Giuseppe Solarino, 5<br \/>\n70124 Bari BA<\/span><\/p>\n<p><i class=\"fa fa-phone\" aria-hidden=\"true\"><\/i> Telefono: +39 3471242790<\/p>\n<p><span style=\"font-weight: 400;\"><i class=\"fa fa-envelope-o\" aria-hidden=\"true\"><\/i> info@eliteonboard.com<\/span><br \/>\n<span style=\"font-weight: 400;\"><i class=\"fa fa-envelope-o\" aria-hidden=\"true\"><\/i> elisabetta@eliteonboard.com<\/span>[\/vc_column_text][vc_empty_space][vc_column_text]<b>Vuoi salire a bordo? Contattaci!<\/b><\/p>\n<p><span style=\"font-weight: 400;\">Non vedi l\u2019ora di partire? Lasciaci i tuoi dati e voleremo da te.<\/span>[\/vc_column_text][vc_empty_space]\n<div class=\"wpcf7 no-js\" id=\"wpcf7-f4442-o1\" lang=\"it-IT\" dir=\"ltr\" data-wpcf7-id=\"4442\">\n<div class=\"screen-reader-response\"><p role=\"status\" aria-live=\"polite\" aria-atomic=\"true\"><\/p> <ul><\/ul><\/div>\n<form action=\"\/en\/wp-json\/wp\/v2\/pages\/2757#wpcf7-f4442-o1\" method=\"post\" class=\"wpcf7-form init cf7_custom_style_2\" aria-label=\"Modulo di contatto\" novalidate=\"novalidate\" data-status=\"init\">\n<fieldset class=\"hidden-fields-container\"><input type=\"hidden\" name=\"_wpcf7\" value=\"4442\" \/><input type=\"hidden\" name=\"_wpcf7_version\" value=\"6.1.5\" \/><input type=\"hidden\" name=\"_wpcf7_locale\" value=\"it_IT\" \/><input type=\"hidden\" name=\"_wpcf7_unit_tag\" value=\"wpcf7-f4442-o1\" \/><input type=\"hidden\" name=\"_wpcf7_container_post\" value=\"0\" \/><input type=\"hidden\" name=\"_wpcf7_posted_data_hash\" value=\"\" \/><input type=\"hidden\" name=\"_wpcf7dtx_version\" value=\"5.0.5\" \/><input type=\"hidden\" name=\"_wpcf7_recaptcha_response\" value=\"\" \/>\n<\/fieldset>\n<p><span class=\"wpcf7-form-control-wrap\" data-name=\"nome\"><input size=\"40\" maxlength=\"400\" class=\"wpcf7-form-control wpcf7-text wpcf7-validates-as-required\" aria-required=\"true\" aria-invalid=\"false\" placeholder=\"Nome e cognome\" value=\"\" type=\"text\" name=\"nome\" \/><\/span>\n<\/p>\n<p><span class=\"wpcf7-form-control-wrap\" data-name=\"your-email\"><input size=\"40\" maxlength=\"400\" class=\"wpcf7-form-control wpcf7-text wpcf7-validates-as-required\" aria-required=\"true\" aria-invalid=\"false\" placeholder=\"Email\" value=\"\" type=\"text\" name=\"your-email\" \/><\/span>\n<\/p>\n<p><span class=\"wpcf7-form-control-wrap\" data-name=\"tel\"><input class=\"wpcf7-form-control wpcf7-number wpcf7-validates-as-required wpcf7-validates-as-number\" aria-required=\"true\" aria-invalid=\"false\" placeholder=\"Telefono\" value=\"\" type=\"number\" name=\"tel\" \/><\/span>\n<\/p>\n<p><span class=\"wpcf7-form-control-wrap\" data-name=\"text-909\"><input size=\"40\" maxlength=\"400\" class=\"wpcf7-form-control wpcf7-text\" aria-invalid=\"false\" placeholder=\"Citt\u00e0\" value=\"\" type=\"text\" name=\"text-909\" \/><\/span>\n<\/p>\n<p><span class=\"wpcf7-form-control-wrap\" data-name=\"messaggio\"><textarea cols=\"40\" rows=\"10\" maxlength=\"2000\" class=\"wpcf7-form-control wpcf7-textarea\" aria-invalid=\"false\" placeholder=\"Inserisci la tua richiesta\" name=\"messaggio\"><\/textarea><\/span>\n<\/p>\n<font size=\"2px\">\n\t<p><span class=\"wpcf7-form-control-wrap\" data-name=\"consenso\"><span class=\"wpcf7-form-control wpcf7-checkbox wpcf7-validates-as-required\"><span class=\"wpcf7-list-item first last\"><label><input type=\"checkbox\" name=\"consenso[]\" value=\"Ho letto la Privacy Policy contenuta su questo sito ed autorizzo il trattamento dei miei dati per le finalita&#039; ivi indicate.\" \/><span class=\"wpcf7-list-item-label\">Ho letto la Privacy Policy contenuta su questo sito ed autorizzo il trattamento dei miei dati per le finalita&#039; ivi indicate.<\/span><\/label><\/span><\/span><\/span>\n\t<\/p>\n<\/font>\n<p><input class=\"wpcf7-form-control wpcf7-submit has-spinner\" type=\"submit\" value=\"INVIA LA TUA RICHIESTA\" \/>\n<\/p><p style=\"display: none !important;\" class=\"akismet-fields-container\" data-prefix=\"_wpcf7_ak_\"><label>&#916;<textarea name=\"_wpcf7_ak_hp_textarea\" cols=\"45\" rows=\"8\" maxlength=\"100\"><\/textarea><\/label><input type=\"hidden\" id=\"ak_js_1\" name=\"_wpcf7_ak_js\" value=\"31\"\/><script type=\"text\/javascript\">\n\/* <![CDATA[ *\/\ndocument.getElementById( \"ak_js_1\" ).setAttribute( \"value\", ( new Date() ).getTime() );\n\/* ]]> *\/\n<\/script>\n<\/p><div class=\"wpcf7-response-output\" aria-hidden=\"true\"><\/div>\n<\/form>\n<\/div>\n[\/vc_column][\/vc_row][vc_row row_type=&#8221;row&#8221; content_width=&#8221;full-width&#8221; anchor=&#8221;&#8221; content_aligment=&#8221;left&#8221; css_animation=&#8221;&#8221;][vc_column][vc_column_text]<iframe loading=\"lazy\" style=\"border: 0;\" src=\"https:\/\/www.google.com\/maps\/embed?pb=!1m14!1m8!1m3!1d12024.556341347048!2d16.8554801!3d41.1096534!3m2!1i1024!2i768!4f13.1!3m3!1m2!1s0x0%3A0xecbcb31271b067d9!2sBIOSALUS%20ITALIA!5e0!3m2!1sit!2sit!4v1625408315580!5m2!1sit!2sit\" width=\"100%\" height=\"450\" allowfullscreen=\"allowfullscreen\"><\/iframe>[\/vc_column_text][\/vc_column][\/vc_row]<\/p>\n","protected":false},"excerpt":{"rendered":"<p>Tranzac\u021bii bazate pe aplica\u021bii asigur\u0103 tranzac\u021bii sigure, prin eWallets. Alegerea potrivit\u0103 depinde de cheltuielile tale \u0219i de \u021belurile tale. Dac\u0103 vrei c\u00e2\u0219tiguri consistente, alege volatilitate sc\u0103zut\u0103. Protec\u021bia confiden\u021bialit\u0103\u021bii sunt critice, cu m\u0103rci care asigur\u0103 siguran\u021ba cibernetic\u0103. \u00cen realitate, aceste oferte prelungesc timpul de joc, cu&#8230;<\/p>\n","protected":false},"author":3,"featured_media":0,"parent":0,"menu_order":0,"comment_status":"closed","ping_status":"closed","template":"","meta":{"footnotes":""},"class_list":["post-2757","page","type-page","status-publish","hentry"],"yoast_head":"<!-- This site is optimized with the Yoast SEO plugin v27.5 - https:\/\/yoast.com\/product\/yoast-seo-wordpress\/ -->\n<title>Agenzia Viaggi Bari<\/title>\n<meta name=\"description\" content=\"Agenzia Viaggi Bari Business travel, organizzazione eventi, eventi sportivi, viaggi di lusso\" \/>\n<meta name=\"robots\" content=\"index, follow, max-snippet:-1, max-image-preview:large, max-video-preview:-1\" \/>\n<link rel=\"canonical\" href=\"https:\/\/eliteonboard.com\/agenzia-viaggi-bari\/\" \/>\n<meta property=\"og:locale\" content=\"en_US\" \/>\n<meta property=\"og:type\" content=\"article\" \/>\n<meta property=\"og:title\" content=\"Agenzia Viaggi Bari\" \/>\n<meta property=\"og:description\" content=\"Agenzia Viaggi Bari Business travel, organizzazione eventi, eventi sportivi, viaggi di lusso\" \/>\n<meta property=\"og:url\" content=\"https:\/\/eliteonboard.com\/agenzia-viaggi-bari\/\" \/>\n<meta property=\"og:site_name\" content=\"Elite on Board\" \/>\n<meta property=\"article:modified_time\" content=\"2025-11-10T09:58:00+00:00\" \/>\n<meta name=\"twitter:card\" content=\"summary_large_image\" \/>\n<meta name=\"twitter:label1\" content=\"Est. reading time\" \/>\n\t<meta name=\"twitter:data1\" content=\"1 minute\" \/>\n<script type=\"application\/ld+json\" class=\"yoast-schema-graph\">{\"@context\":\"https:\\\/\\\/schema.org\",\"@graph\":[{\"@type\":\"WebPage\",\"@id\":\"https:\\\/\\\/eliteonboard.com\\\/agenzia-viaggi-bari\\\/\",\"url\":\"https:\\\/\\\/eliteonboard.com\\\/agenzia-viaggi-bari\\\/\",\"name\":\"Agenzia Viaggi Bari\",\"isPartOf\":{\"@id\":\"https:\\\/\\\/eliteonboard.com\\\/#website\"},\"datePublished\":\"2015-11-17T11:42:27+00:00\",\"dateModified\":\"2025-11-10T09:58:00+00:00\",\"description\":\"Agenzia Viaggi Bari Business travel, organizzazione eventi, eventi sportivi, viaggi di lusso\",\"breadcrumb\":{\"@id\":\"https:\\\/\\\/eliteonboard.com\\\/agenzia-viaggi-bari\\\/#breadcrumb\"},\"inLanguage\":\"en-US\",\"potentialAction\":[{\"@type\":\"ReadAction\",\"target\":[\"https:\\\/\\\/eliteonboard.com\\\/agenzia-viaggi-bari\\\/\"]}]},{\"@type\":\"BreadcrumbList\",\"@id\":\"https:\\\/\\\/eliteonboard.com\\\/agenzia-viaggi-bari\\\/#breadcrumb\",\"itemListElement\":[{\"@type\":\"ListItem\",\"position\":1,\"name\":\"Home\",\"item\":\"https:\\\/\\\/eliteonboard.com\\\/\"},{\"@type\":\"ListItem\",\"position\":2,\"name\":\"CONTATTI\"}]},{\"@type\":\"WebSite\",\"@id\":\"https:\\\/\\\/eliteonboard.com\\\/#website\",\"url\":\"https:\\\/\\\/eliteonboard.com\\\/\",\"name\":\"Elite on Board\",\"description\":\"\",\"potentialAction\":[{\"@type\":\"SearchAction\",\"target\":{\"@type\":\"EntryPoint\",\"urlTemplate\":\"https:\\\/\\\/eliteonboard.com\\\/?s={search_term_string}\"},\"query-input\":{\"@type\":\"PropertyValueSpecification\",\"valueRequired\":true,\"valueName\":\"search_term_string\"}}],\"inLanguage\":\"en-US\"}]}<\/script>\n<!-- \/ Yoast SEO plugin. -->","yoast_head_json":{"title":"Agenzia Viaggi Bari","description":"Agenzia Viaggi Bari Business travel, organizzazione eventi, eventi sportivi, viaggi di lusso","robots":{"index":"index","follow":"follow","max-snippet":"max-snippet:-1","max-image-preview":"max-image-preview:large","max-video-preview":"max-video-preview:-1"},"canonical":"https:\/\/eliteonboard.com\/agenzia-viaggi-bari\/","og_locale":"en_US","og_type":"article","og_title":"Agenzia Viaggi Bari","og_description":"Agenzia Viaggi Bari Business travel, organizzazione eventi, eventi sportivi, viaggi di lusso","og_url":"https:\/\/eliteonboard.com\/agenzia-viaggi-bari\/","og_site_name":"Elite on Board","article_modified_time":"2025-11-10T09:58:00+00:00","twitter_card":"summary_large_image","twitter_misc":{"Est. reading time":"1 minute"},"schema":{"@context":"https:\/\/schema.org","@graph":[{"@type":"WebPage","@id":"https:\/\/eliteonboard.com\/agenzia-viaggi-bari\/","url":"https:\/\/eliteonboard.com\/agenzia-viaggi-bari\/","name":"Agenzia Viaggi Bari","isPartOf":{"@id":"https:\/\/eliteonboard.com\/#website"},"datePublished":"2015-11-17T11:42:27+00:00","dateModified":"2025-11-10T09:58:00+00:00","description":"Agenzia Viaggi Bari Business travel, organizzazione eventi, eventi sportivi, viaggi di lusso","breadcrumb":{"@id":"https:\/\/eliteonboard.com\/agenzia-viaggi-bari\/#breadcrumb"},"inLanguage":"en-US","potentialAction":[{"@type":"ReadAction","target":["https:\/\/eliteonboard.com\/agenzia-viaggi-bari\/"]}]},{"@type":"BreadcrumbList","@id":"https:\/\/eliteonboard.com\/agenzia-viaggi-bari\/#breadcrumb","itemListElement":[{"@type":"ListItem","position":1,"name":"Home","item":"https:\/\/eliteonboard.com\/"},{"@type":"ListItem","position":2,"name":"CONTATTI"}]},{"@type":"WebSite","@id":"https:\/\/eliteonboard.com\/#website","url":"https:\/\/eliteonboard.com\/","name":"Elite on Board","description":"","potentialAction":[{"@type":"SearchAction","target":{"@type":"EntryPoint","urlTemplate":"https:\/\/eliteonboard.com\/?s={search_term_string}"},"query-input":{"@type":"PropertyValueSpecification","valueRequired":true,"valueName":"search_term_string"}}],"inLanguage":"en-US"}]}},"_links":{"self":[{"href":"https:\/\/eliteonboard.com\/en\/wp-json\/wp\/v2\/pages\/2757","targetHints":{"allow":["GET"]}}],"collection":[{"href":"https:\/\/eliteonboard.com\/en\/wp-json\/wp\/v2\/pages"}],"about":[{"href":"https:\/\/eliteonboard.com\/en\/wp-json\/wp\/v2\/types\/page"}],"author":[{"embeddable":true,"href":"https:\/\/eliteonboard.com\/en\/wp-json\/wp\/v2\/users\/3"}],"replies":[{"embeddable":true,"href":"https:\/\/eliteonboard.com\/en\/wp-json\/wp\/v2\/comments?post=2757"}],"version-history":[{"count":25,"href":"https:\/\/eliteonboard.com\/en\/wp-json\/wp\/v2\/pages\/2757\/revisions"}],"predecessor-version":[{"id":5103,"href":"https:\/\/eliteonboard.com\/en\/wp-json\/wp\/v2\/pages\/2757\/revisions\/5103"}],"wp:attachment":[{"href":"https:\/\/eliteonboard.com\/en\/wp-json\/wp\/v2\/media?parent=2757"}],"curies":[{"name":"wp","href":"https:\/\/api.w.org\/{rel}","templated":true}]}}